{"id":76,"date":"2016-03-11T12:33:50","date_gmt":"2016-03-11T11:33:50","guid":{"rendered":"http:\/\/www.aufkleber-druck-profi.de\/?page_id=76"},"modified":"2017-10-02T10:03:50","modified_gmt":"2017-10-02T08:03:50","slug":"begriffserklarungen","status":"publish","type":"page","link":"http:\/\/endlosdruck-profi.de\/?page_id=76","title":{"rendered":"Begriffserkl\u00e4rungen"},"content":{"rendered":"<p>Vorab eine kurze Erkl\u00e4rung der h\u00e4ufig verwendeten Begriffe: Endlosformulare sind auf Endlospapierbahnen gedruckte Formulare, die auch heute noch in Verbindung mit Nadeldruckern zum Einsatz kommen. Das Tr\u00e4gerband der Papierbahnen dient hierbei als Fu\u0308hrungsschiene.Auch bei diesen Endlosformularen ist es m\u00f6glich eine individuell gewu\u0308nschte Anzahl an Durchschl\u00e4gen (2- bis 7-fach) zu fertigen. Perforationen zwischen den einzelnen Seiten sorgen fu\u0308r eine saubere Abtrennung. Tr\u00e4gerbands\u00e4tze sind im eigentlichen Sinn Schnelltrenns\u00e4tze, die auf die Bahnen des Endlospapiers geklebt werden. Dies dient dem Zweck, dass auch diese SD-S\u00e4tze per Tr\u00e4gerband wie oben beschrieben<br \/>\ndurch Nadeldrucker gefu\u0308hrt werden k\u00f6nnen. Nach dem Druck kann so der Schnelltrennsatz vom Tr\u00e4gerband abgetrennt werden und die jeweiligen Durchschl\u00e4ge stehen als Original und Kopie(n) zur Verfu\u0308gung. Ein Effizienztipp zu dieser Ausfu\u0308hrung: Das verbliebene Tr\u00e4gerband<br \/>\nkann weitergehend als Notiz- oder Schmierzettel genutzt werden. Bei der individuellen Gestaltung k\u00f6nnte hier beispielsweise eine Standard-Gespr\u00e4chsnotiz eingeplant werden.<\/p>\n<p>Oftmals wird der Begriff \u201ezick-zack gefalzte Endlosformulare verwendet. Doch was bedeutet das? Endlosformulare sind selbst durchschreibende (siehe oben), zick-zack gefalzte, aneinanderh\u00e4ngende Formulars\u00e4tze zur Verwendung auf einem Nadeldrucker. Ein beidseitiger Fu\u0308hrungslochrand gew\u00e4hrleistet den Papiertransport durch den Drucker. Durch eine Quer-Perforation k\u00f6nnen die einzelnen Exemplare der Endloss\u00e4tze voneinander getrennt werden. Durch das Entfernen der Seiten-Perforationen werden die Durchschl\u00e4ge voneinander getrennt. Endlosformulare werden bespielsweise fu\u0308r Lieferscheine, Rechnungen und Auftragsbest\u00e4tigungen eingesetzt.<\/p>\n<p>Mit \u201eeindrucken\u201c ist gemeint, dass der Produktionsbetrieb gem\u00e4\u00df der Wu\u0308nsche des Auftraggebers die Endloss\u00e4tze herstellt. Das reicht von der einfarbigen Bedruckung des Deckblattes bis zur 4-Farbigkeit. Auch die Ru\u0308ckseiten k\u00f6nnen bedruckt werden, sollten zum Beispiel die Gesch\u00e4ftsbedingungen auf die Ru\u0308ckseite gedruckt werden. In aller Regel wird die Ru\u0308ckseite einfarbig bedruckt. Aus Kostengru\u0308nden ist das die vernu\u0308nftigste Variante. Ein Mehrfarbendruck ist aber auf Wunsch jederzeit m\u00f6glich. Gleiches gilt fu\u0308r die Folgeseiten der Endlosdrucke. Auch hier k\u00f6nnen die Folgeseite ein- oder mehrfarbig bedruckt werden. Ein Ru\u0308ckseitendruck der Folgeseiten findet ebenfalls statt, sofern dieser gewu\u0308nscht wird. \u00dcblicherweise, aus Kostengru\u0308nden, einfarbig schwarz. Mehr Farben werden fu\u0308r den Ru\u0308ckseitendruck selten ben\u00f6tigt.<\/p>\n<p>Wenn es um das \u201eDrucken\u201c geht, ist der Vorgang beim Endanwender gemeint. Der Endanwender spannt die Endlosdrucke in den Nadeldrucker<br \/>\n(an der Perforationslochung links und rechts der Druckstu\u0308cke) ein und fu\u0308hrt den Druckdurchgang durch. In diesem Druckdurchgang werden<br \/>\nAngebote, Lieferscheine oder Rechnungen erstellt.<\/p>\n","protected":false},"excerpt":{"rendered":"<p>Vorab eine kurze Erkl\u00e4rung der h\u00e4ufig verwendeten Begriffe: Endlosformulare sind auf Endlospapierbahnen gedruckte Formulare, die auch heute noch in Verbindung<\/p>\n","protected":false},"author":1,"featured_media":0,"parent":0,"menu_order":0,"comment_status":"closed","ping_status":"closed","template":"","meta":{"footnotes":""},"_links":{"self":[{"href":"http:\/\/endlosdruck-profi.de\/index.php?rest_route=\/wp\/v2\/pages\/76"}],"collection":[{"href":"http:\/\/endlosdruck-profi.de\/index.php?rest_route=\/wp\/v2\/pages"}],"about":[{"href":"http:\/\/endlosdruck-profi.de\/index.php?rest_route=\/wp\/v2\/types\/page"}],"author":[{"embeddable":true,"href":"http:\/\/endlosdruck-profi.de\/index.php?rest_route=\/wp\/v2\/users\/1"}],"replies":[{"embeddable":true,"href":"http:\/\/endlosdruck-profi.de\/index.php?rest_route=%2Fwp%2Fv2%2Fcomments&post=76"}],"version-history":[{"count":6,"href":"http:\/\/endlosdruck-profi.de\/index.php?rest_route=\/wp\/v2\/pages\/76\/revisions"}],"predecessor-version":[{"id":300,"href":"http:\/\/endlosdruck-profi.de\/index.php?rest_route=\/wp\/v2\/pages\/76\/revisions\/300"}],"wp:attachment":[{"href":"http:\/\/endlosdruck-profi.de\/index.php?rest_route=%2Fwp%2Fv2%2Fmedia&parent=76"}],"curies":[{"name":"wp","href":"https:\/\/api.w.org\/{rel}","templated":true}]}}