{"id":171,"date":"2016-03-16T16:18:22","date_gmt":"2016-03-16T15:18:22","guid":{"rendered":"http:\/\/www.aufkleber-druck-profi.de\/?page_id=171"},"modified":"2017-09-29T13:20:49","modified_gmt":"2017-09-29T11:20:49","slug":"gelocht-und-perforiert","status":"publish","type":"page","link":"http:\/\/endlosdruck-profi.de\/?page_id=171","title":{"rendered":"Gelocht und perforiert"},"content":{"rendered":"<p>In der Herstellung k\u00f6nnen Sie auch gleich die weitere Verarbeitung festlegen. Das kann einmal eine Abheftlochung sein. Hier k\u00f6nnen Sie h\u00e4ufig zwischen einer 2-fach oder 4-fach Lochung w\u00e4hlen, wobei die 4-fach Lochung eher selten verwendet wird. Bei der Abheftlochung kann gew\u00e4hlt werden, ob diese an der L\u00e4ngsseite oder an der Querseite erfolgt.<\/p>\n<p>Neben der Abheftlochung kann auch gew\u00e4hlt werden, ob die Mehrfachs\u00e4tze des Endlosdruckes perforiert oder geleimt werden sollen. Die Perforierung dienst dazu, die einzelnen Bl\u00e4tter leicht voneinander l\u00f6sen zu k\u00f6nnen. Die h\u00e4ufigste Variante ist die Perforierung, da sie preiswerter ist. Kommt auf Kundenwunsch eine Leimung zum Einsatz, fallen hierfu\u0308r Mehrkosten an.<\/p>\n<p>Zus\u00e4tzlich k\u00f6nnen auch weitere L\u00e4ngs- und Querperforierungen angebracht werden, sollte das fu\u0308r den Anwender von Interesse sein.<\/p>\n","protected":false},"excerpt":{"rendered":"<p>In der Herstellung k\u00f6nnen Sie auch gleich die weitere Verarbeitung festlegen. Das kann einmal eine Abheftlochung sein. Hier k\u00f6nnen Sie<\/p>\n","protected":false},"author":1,"featured_media":0,"parent":0,"menu_order":0,"comment_status":"closed","ping_status":"closed","template":"","meta":{"footnotes":""},"_links":{"self":[{"href":"http:\/\/endlosdruck-profi.de\/index.php?rest_route=\/wp\/v2\/pages\/171"}],"collection":[{"href":"http:\/\/endlosdruck-profi.de\/index.php?rest_route=\/wp\/v2\/pages"}],"about":[{"href":"http:\/\/endlosdruck-profi.de\/index.php?rest_route=\/wp\/v2\/types\/page"}],"author":[{"embeddable":true,"href":"http:\/\/endlosdruck-profi.de\/index.php?rest_route=\/wp\/v2\/users\/1"}],"replies":[{"embeddable":true,"href":"http:\/\/endlosdruck-profi.de\/index.php?rest_route=%2Fwp%2Fv2%2Fcomments&post=171"}],"version-history":[{"count":5,"href":"http:\/\/endlosdruck-profi.de\/index.php?rest_route=\/wp\/v2\/pages\/171\/revisions"}],"predecessor-version":[{"id":289,"href":"http:\/\/endlosdruck-profi.de\/index.php?rest_route=\/wp\/v2\/pages\/171\/revisions\/289"}],"wp:attachment":[{"href":"http:\/\/endlosdruck-profi.de\/index.php?rest_route=%2Fwp%2Fv2%2Fmedia&parent=171"}],"curies":[{"name":"wp","href":"https:\/\/api.w.org\/{rel}","templated":true}]}}