{"id":169,"date":"2016-03-16T16:18:11","date_gmt":"2016-03-16T15:18:11","guid":{"rendered":"http:\/\/www.aufkleber-druck-profi.de\/?page_id=169"},"modified":"2017-09-29T10:54:33","modified_gmt":"2017-09-29T08:54:33","slug":"1-bis-7-fach","status":"publish","type":"page","link":"http:\/\/endlosdruck-profi.de\/?page_id=169","title":{"rendered":"1- bis 7-fach"},"content":{"rendered":"<p>Der Vorteil der Nadeldrucker liegt darin, dass durch den ausgeu\u0308bten Anpressdruck w\u00e4hrend des Druckvorgangs mehrere Papiere gleichzeitig beschrieben werden k\u00f6nnen. Bei einem Laserdrucker ist das nicht m\u00f6glich. Hier w\u00e4ren 7 einzelne Druckdurchg\u00e4nge n\u00f6tig, um 1 Original und 6 Kopien herzustellen. Zus\u00e4tzlich sind die Endlosdrucke in unterschiedlichen Farben fu\u0308r die einzelnen Bl\u00e4tter bestellbar (siehe oben), was fu\u0308r den Laserdrucker einen sehr hohen zeitlichen Aufwand bedeuten wu\u0308rde, um die Papierf\u00e4cher mit unterschiedlichen Papieren zu bestu\u0308cken.<\/p>\n<p>Je nach den einzelnen Anforderungen k\u00f6nnen Endlosdrucke von 1-fach bis 7-fach produziert werden. Dabei ist natu\u0308rlich zu beachten, dass bei den einzelnen Papiere du\u0308nne Grammaturen zum Einsatz kommen, damit durch den Anpressdruck der Nadeldrucker auch tats\u00e4chlich das<br \/>\nletzte Blatt noch ausrechend lesbar erscheint. Ab 3 Bl\u00e4ttern kommen daher nur noch 57 g Papiere fu\u0308r das zweite und dritte Blatt zum Einsatz. Bei der Verwendung von lediglich 2 Bl\u00e4ttern k\u00f6nnen hohe Grammaturen fu\u0308r beide Bl\u00e4tter verwendet werden.<\/p>\n","protected":false},"excerpt":{"rendered":"<p>Der Vorteil der Nadeldrucker liegt darin, dass durch den ausgeu\u0308bten Anpressdruck w\u00e4hrend des Druckvorgangs mehrere Papiere gleichzeitig beschrieben werden k\u00f6nnen.<\/p>\n","protected":false},"author":1,"featured_media":0,"parent":0,"menu_order":0,"comment_status":"closed","ping_status":"closed","template":"","meta":{"footnotes":""},"_links":{"self":[{"href":"http:\/\/endlosdruck-profi.de\/index.php?rest_route=\/wp\/v2\/pages\/169"}],"collection":[{"href":"http:\/\/endlosdruck-profi.de\/index.php?rest_route=\/wp\/v2\/pages"}],"about":[{"href":"http:\/\/endlosdruck-profi.de\/index.php?rest_route=\/wp\/v2\/types\/page"}],"author":[{"embeddable":true,"href":"http:\/\/endlosdruck-profi.de\/index.php?rest_route=\/wp\/v2\/users\/1"}],"replies":[{"embeddable":true,"href":"http:\/\/endlosdruck-profi.de\/index.php?rest_route=%2Fwp%2Fv2%2Fcomments&post=169"}],"version-history":[{"count":4,"href":"http:\/\/endlosdruck-profi.de\/index.php?rest_route=\/wp\/v2\/pages\/169\/revisions"}],"predecessor-version":[{"id":284,"href":"http:\/\/endlosdruck-profi.de\/index.php?rest_route=\/wp\/v2\/pages\/169\/revisions\/284"}],"wp:attachment":[{"href":"http:\/\/endlosdruck-profi.de\/index.php?rest_route=%2Fwp%2Fv2%2Fmedia&parent=169"}],"curies":[{"name":"wp","href":"https:\/\/api.w.org\/{rel}","templated":true}]}}